

{"id":584,"date":"2015-09-16T13:55:21","date_gmt":"2015-09-16T13:55:21","guid":{"rendered":"http:\/\/edicao2015.angrajazz.com\/?page_id=584"},"modified":"2022-07-01T14:44:12","modified_gmt":"2022-07-01T14:44:12","slug":"orquestra-angrajazz","status":"publish","type":"page","link":"https:\/\/edicao2022.angrajazz.com\/en\/orquestra-angrajazz\/","title":{"rendered":"Orchestra Angrajazz"},"content":{"rendered":"<div class=\"wpb-content-wrapper\">[vc_row full_width=&#8221;stretch_row&#8221; css=&#8221;.vc_custom_1500731597643{margin-top: 0px !important;margin-right: 0px !important;margin-bottom: 0px !important;margin-left: 0px !important;padding-top: 0px !important;padding-bottom: 0px !important;background-color: #ffffff !important;}&#8221;][vc_column css=&#8221;.vc_custom_1500731569746{margin: 0px !important;padding: 0px !important;}&#8221;][vc_column_text css=&#8221;.vc_custom_1500731612373{margin-bottom: 0px !important;}&#8221;]<img decoding=\"async\" src=\"http:\/\/www.angrajazz.com\/wp-content\/uploads\/2015\/09\/patrocinadores-orquetra.jpg\" \/>[\/vc_column_text][\/vc_column][\/vc_row][vc_row][vc_column][vc_raw_html]JTNDaWZyYW1lJTIwd2lkdGglM0QlMjI1NjAlMjIlMjBoZWlnaHQlM0QlMjIzMTUlMjIlMjBzcmMlM0QlMjJodHRwcyUzQSUyRiUyRnd3dy55b3V0dWJlLmNvbSUyRmVtYmVkJTJGQ1ZHRHZITXBRazQlMjIlMjB0aXRsZSUzRCUyMllvdVR1YmUlMjB2aWRlbyUyMHBsYXllciUyMiUyMGZyYW1lYm9yZGVyJTNEJTIyMCUyMiUyMGFsbG93JTNEJTIyYWNjZWxlcm9tZXRlciUzQiUyMGF1dG9wbGF5JTNCJTIwY2xpcGJvYXJkLXdyaXRlJTNCJTIwZW5jcnlwdGVkLW1lZGlhJTNCJTIwZ3lyb3Njb3BlJTNCJTIwcGljdHVyZS1pbi1waWN0dXJlJTIyJTIwYWxsb3dmdWxsc2NyZWVuJTNFJTNDJTJGaWZyYW1lJTNF[\/vc_raw_html][\/vc_column][\/vc_row][vc_row][vc_column][vc_column_text]Formed in 2002, Angrajazz Orchestra is atraining\/work-in-progress project held by the Cultural Association Angrajazz, with musical direction by the professors Pedro Moreira and Claus Nymark. Promoting regular working sessions and workshops, Angrajazz Orchestra became the main \u201cjazz school\u201d in the Region, contributing for Angrajazz to be considered as the main and most important means of unveiling the jazz music in the Azores.<\/p>\n<p>The Orchestra has played with many well known Portuguese jazz musicians such as Paula Oliveira, M\u00e1rio Laginha, Z\u00e9 Eduardo, Afonso Pais, M\u00e1rio Barreiros, Hugo Alves, Lu\u00eds Cunha, Paulo Gaspar, Ricardo Toscano and Carlos Azevedo.\u00a0 Apart from numerous concerts in Terceira Island,the Orchestra has playedin the islands S. Jorge, Graciosa, Faial and S. Miguel.\u00a0 Outside the Region, the Orchestra has performed in the cities of Funchal and Lisbon.<\/p>\n<p>In 2015 the Angrajazz Orchestra participated in the cultural program \u201cLisboa na Rua\u201d as part of the cycle \u201cThe Art of the Big Band \u2013 5 Jazz Orchestras\u201d.<\/p>\n<p>At the18\u00ba Angrajazz, the Orchestra performed, for the first time in Portugal, the integral of \u201cThe Far East Suite\u201d written by the great jazz musician Duke Ellington.\u00a0 In thatoccasion the Orchestra featured two very importantPortuguese jazz musicians &#8211; clarinetist Paulo Gaspar and saxophonist Ricardo Toscano.<\/p>\n<p>The Orchestra has released two CDs \u2013&#8221;Angrajazz Orchestra with Paula Oliveira&#8221; (2006) and \u201cAngrajazz\u201d (2018).<\/p>\n<p>In this 23\u00b0Angrajazz, the Orchestra will present a repertoire entirely dedicated to the Hard Bop.\u00a0 This subgenre of\u00a0Jazz is an extension of\u00a0Bebop or &#8220;bop&#8221; music.Journalists and record companies began using the term Hard Bop to describe a new current within Jazz that incorporated influences from\u00a0Rhythm n\u2019 Blues, Blues and Gospel, and is characterized by slow and medium rhythms, simple, lyrical and memorable melodies.It had its prime time between the mid-50s and mid-60s of\u00a0 last century, and some of its most notable musicianswere Charles Mingus, Benny Golson, Sonny Rollinsand Lee Morgan, whose themes will be part of the AngrazzOrchestra\u2019s repertoire.<\/p>\n<p>&nbsp;<\/p>\n<h2><span class=\"color\">&lt;color:#E8510B&gt;Members<\/span><\/h2>\n[\/vc_column_text][vc_row_inner css=&#8221;.vc_custom_1631497340663{margin-top: 15px !important;}&#8221;][vc_column_inner width=&#8221;1\/3&#8243;][vc_column_text]<strong>Claus Nymark<\/strong>\u00a0. Direction<br \/>\n<strong>Pedro Moreira<\/strong>\u00a0. Direction<\/p>\n<p><strong>Micaela Matos<\/strong>. Sax Alto<br \/>\n<strong>Rui Borba<\/strong> . Sax Alto<br \/>\n<strong>Filipe Gil<\/strong> . Sax Alto<br \/>\n<strong>Rui Melo<\/strong> . Sax Tenor<br \/>\n<strong>Mauro Louren\u00e7o<\/strong> . Sax Tenor[\/vc_column_text][\/vc_column_inner][vc_column_inner width=&#8221;1\/3&#8243;][vc_column_text]<strong>Leonor Machado<\/strong> . Sax Tenor<br \/>\n<strong>Jos\u00e9 Pedro Pires<\/strong> . Sax Baritone<br \/>\n<strong>Marco Jesus<\/strong> . Trumpet<br \/>\n<strong>\u00c9rica Ferreira\u00a0<\/strong>. Trumpet<br \/>\n<strong>Andr\u00e9 Nunes<\/strong> . Trumpet<br \/>\n<strong>Tom\u00e1s Reis\u00a0<\/strong>. Trumpet<br \/>\n<strong>Roberto Rosa<\/strong> . Trumpet<br \/>\n<strong>Braulio Brito<\/strong> . Trumpet<br \/>\n<strong>Manuel Almeida<\/strong> . Trombone<br \/>\n<strong>Guilherme Costa<\/strong> . Trombone[\/vc_column_text][\/vc_column_inner][vc_column_inner width=&#8221;1\/3&#8243;][vc_column_text]<strong>Rodrigo Lucas<\/strong> . Trombone<br \/>\n<strong>Sim\u00e3o Pereira<\/strong> . Trombone<br \/>\n<strong>Vasco Rocha<\/strong> . Trumpet<br \/>\n<strong>Paulo Borges<\/strong> . Trumpet<br \/>\n<strong>Gon\u00e7alo Ormonde<\/strong> . Horn<br \/>\n<strong>Antonella Barletta<\/strong> . Piano<br \/>\n<strong>Paulo Cunha<\/strong> . Double Bass<br \/>\n<strong>Nuno Pinheiro<\/strong> . Drum[\/vc_column_text][\/vc_column_inner][\/vc_row_inner][\/vc_column][\/vc_row]\n<\/div>","protected":false},"excerpt":{"rendered":"<p>[vc_row full_width=&#8221;stretch_row&#8221; css=&#8221;.vc_custom_1500731597643{margin-top: 0px !important;margin-right: 0px !important;margin-bottom: 0px !important;margin-left: 0px !important;padding-top: 0px !important;padding-bottom: 0px !important;background-color: #ffffff !important;}&#8221;][vc_column css=&#8221;.vc_custom_1500731569746{margin: 0px !important;padding: 0px !important;}&#8221;][vc_column_text css=&#8221;.vc_custom_1500731612373{margin-bottom: 0px !important;}&#8221;][\/vc_column_text][\/vc_column][\/vc_row][vc_row][vc_column][vc_raw_html]JTNDaWZyYW1lJTIwd2lkdGglM0QlMjI1NjAlMjIlMjBoZWlnaHQlM0QlMjIzMTUlMjIlMjBzcmMlM0QlMjJodHRwcyUzQSUyRiUyRnd3dy55b3V0dWJlLmNvbSUyRmVtYmVkJTJGQ1ZHRHZITXBRazQlMjIlMjB0aXRsZSUzRCUyMllvdVR1YmUlMjB2aWRlbyUyMHBsYXllciUyMiUyMGZyYW1lYm9yZGVyJTNEJTIyMCUyMiUyMGFsbG93JTNEJTIyYWNjZWxlcm9tZXRlciUzQiUyMGF1dG9wbGF5JTNCJTIwY2xpcGJvYXJkLXdyaXRlJTNCJTIwZW5jcnlwdGVkLW1lZGlhJTNCJTIwZ3lyb3Njb3BlJTNCJTIwcGljdHVyZS1pbi1waWN0dXJlJTIyJTIwYWxsb3dmdWxsc2NyZWVuJTNFJTNDJTJGaWZyYW1lJTNF[\/vc_raw_html][\/vc_column][\/vc_row][vc_row][vc_column][vc_column_text]Formed in 2002, Angrajazz Orchestra is atraining\/work-in-progress project held by the Cultural Association Angrajazz, with musical direction by the professors Pedro Moreira and Claus Nymark. Promoting regular working sessions and workshops, [&hellip;]<\/p>\n","protected":false},"author":1,"featured_media":0,"parent":0,"menu_order":0,"comment_status":"closed","ping_status":"closed","template":"","meta":{"footnotes":"","_links_to":"","_links_to_target":""},"class_list":["post-584","page","type-page","status-publish","hentry"],"translation":{"provider":"WPGlobus","version":"3.0.0","language":"en","enabled_languages":["pt","en"],"languages":{"pt":{"title":true,"content":true,"excerpt":false},"en":{"title":true,"content":true,"excerpt":false}}},"_links":{"self":[{"href":"https:\/\/edicao2022.angrajazz.com\/en\/wp-json\/wp\/v2\/pages\/584","targetHints":{"allow":["GET"]}}],"collection":[{"href":"https:\/\/edicao2022.angrajazz.com\/en\/wp-json\/wp\/v2\/pages"}],"about":[{"href":"https:\/\/edicao2022.angrajazz.com\/en\/wp-json\/wp\/v2\/types\/page"}],"author":[{"embeddable":true,"href":"https:\/\/edicao2022.angrajazz.com\/en\/wp-json\/wp\/v2\/users\/1"}],"replies":[{"embeddable":true,"href":"https:\/\/edicao2022.angrajazz.com\/en\/wp-json\/wp\/v2\/comments?post=584"}],"version-history":[{"count":136,"href":"https:\/\/edicao2022.angrajazz.com\/en\/wp-json\/wp\/v2\/pages\/584\/revisions"}],"predecessor-version":[{"id":3441,"href":"https:\/\/edicao2022.angrajazz.com\/en\/wp-json\/wp\/v2\/pages\/584\/revisions\/3441"}],"wp:attachment":[{"href":"https:\/\/edicao2022.angrajazz.com\/en\/wp-json\/wp\/v2\/media?parent=584"}],"curies":[{"name":"wp","href":"https:\/\/api.w.org\/{rel}","templated":true}]}}