

{"id":1721,"date":"2018-03-28T16:42:22","date_gmt":"2018-03-28T16:42:22","guid":{"rendered":"http:\/\/www.angrajazz.com\/?page_id=1721"},"modified":"2022-07-01T14:40:11","modified_gmt":"2022-07-01T14:40:11","slug":"home","status":"publish","type":"page","link":"https:\/\/edicao2022.angrajazz.com\/en\/","title":{"rendered":"Home"},"content":{"rendered":"<div class=\"wpb-content-wrapper\">[vc_row full_width=&#8221;stretch_row&#8221; css=&#8221;.vc_custom_1655982549564{margin-top: 0px !important;margin-bottom: 30px !important;padding-top: 20px !important;padding-bottom: 20px !important;background-color: #ffffff !important;}&#8221; el_class=&#8221;patrocinadores-homepage&#8221;][vc_column css=&#8221;.vc_custom_1655741562771{margin-top: 0px !important;margin-bottom: 0px !important;}&#8221;][\/vc_column][\/vc_row][vc_row full_width=&#8221;stretch_row&#8221; disable_element=&#8221;yes&#8221; css=&#8221;.vc_custom_1655744228798{margin-top: 0px !important;margin-bottom: 30px !important;padding-top: 20px !important;padding-bottom: 20px !important;}&#8221; el_class=&#8221;patrocinadores-homepage&#8221;][vc_column css=&#8221;.vc_custom_1500553841972{margin-top: 0px !important;margin-bottom: 0px !important;}&#8221;][vc_column_text]\n<div class=\"spin\"><img decoding=\"async\" src=\"http:\/\/www.angrajazz.com\/wp-content\/uploads\/2018\/06\/logo-santander.jpg\" \/><\/div>\n<p><a class=\"link-patro\" href=\"#\">&#8230;<\/a>[\/vc_column_text][\/vc_column][\/vc_row][vc_row full_width=&#8221;stretch_row&#8221; css=&#8221;.vc_custom_1655982612210{padding-top: 10px !important;}&#8221;][vc_column width=&#8221;2\/3&#8243;][vc_column_text]<img decoding=\"async\" src=\"http:\/\/www.angrajazz.com\/wp-content\/uploads\/2012\/12\/homejazz-2.jpg\" width=\"100%\" \/><\/p>\n<h3><span class=\"color\">&lt;color:#E8510B&gt;Bilheteria<\/span><\/h3>\n<p><strong>C\u00e2mara Municipal &#8211; Atendimento ao P\u00fablico<br \/>\n<\/strong>Hor\u00e1rio: Dias \u00fateis das 8h30 \u00e0s 16h00<br \/>\n<strong>Centro Cultural e de Congressos de Angra do Hero\u00edsmo<\/strong><br \/>\nHor\u00e1rio: 1h30 antes de cada sess\u00e3o de cinema ou espet\u00e1culo.<\/p>\n<p><a href=\"http:\/\/www.angrajazz.com\/sala\/\">VER SALA<\/a>\u00a0\u00a0 |\u00a0 <a href=\"http:\/\/www.angrajazz.com\/bilheteira-2\/\">VER PRE\u00c7OS\u00a0<\/a> | <a href=\"https:\/\/ticketline.sapo.pt\/evento\/ANGRAJAZZ-2022-65270\" target=\"_blank\" rel=\"noopener noreferrer\">BILHETEIRA ONLINE<\/a>[\/vc_column_text][\/vc_column][vc_column width=&#8221;1\/3&#8243;][vc_masonry_grid post_type=&#8221;post&#8221; max_items=&#8221;1&#8243; element_width=&#8221;12&#8243; gap=&#8221;0&#8243; item=&#8221;2090&#8243; grid_id=&#8221;vc_gid:1656686367839-a6f1a8b9-c49a-6&#8243;][\/vc_column][\/vc_row][vc_row full_width=&#8221;stretch_row&#8221;][vc_column][vc_column_text]<div class=\"items artists\"><article class=\"col-1-3 clearfix\"><a href=\"https:\/\/edicao2022.angrajazz.com\/en\/artist\/orquestra-angrajazz-2\/\" class=\"aligncenter thumb-icon\"  ><img decoding=\"async\" src=\"https:\/\/edicao2022.angrajazz.com\/wp-content\/themes\/imix\/thumb.php?src=http:\/\/www.angrajazz.com\/wp-content\/uploads\/2021\/09\/1.-OAJ-foto-Clara-Pereira-1.jpg&amp;a=c&amp;w=460&amp;h=460&amp;q=80\" alt=\"http:\/\/www.angrajazz.com\/wp-content\/uploads\/2021\/09\/1.-OAJ-foto-Clara-Pereira-1.jpg\" title=\"ORQUESTRA ANGRAJAZZ\" class=\"\" ><span class=\"icon plus\"><\/span><\/a><footer><h3><a href=\"https:\/\/edicao2022.angrajazz.com\/en\/artist\/orquestra-angrajazz-2\/\">ORQUESTRA ANGRAJAZZ<\/a><\/h3><p><\/p><div class=\"cat\">Jazz<\/div><\/footer><\/article><article class=\"col-1-3 clearfix\"><a href=\"https:\/\/edicao2022.angrajazz.com\/en\/artist\/joe-dyson-quintet\/\" class=\"aligncenter thumb-icon\"  ><img decoding=\"async\" src=\"https:\/\/edicao2022.angrajazz.com\/wp-content\/themes\/imix\/thumb.php?src=https:\/\/angrajazz.com\/wp-content\/uploads\/2022\/06\/02.-JOE-DYSON-2.jpg&amp;a=c&amp;w=460&amp;h=460&amp;q=80\" alt=\"https:\/\/angrajazz.com\/wp-content\/uploads\/2022\/06\/02.-JOE-DYSON-2.jpg\" title=\"JOE DYSON QUINTET\" class=\"\" ><span class=\"icon plus\"><\/span><\/a><footer><h3><a href=\"https:\/\/edicao2022.angrajazz.com\/en\/artist\/joe-dyson-quintet\/\">JOE DYSON QUINTET<\/a><\/h3><p><\/p><div class=\"cat\">Jazz<\/div><\/footer><\/article><article class=\"col-1-3 clearfix\"><a href=\"https:\/\/edicao2022.angrajazz.com\/en\/artist\/pedro-moreira-sax-ensemble\/\" class=\"aligncenter thumb-icon\"  ><img decoding=\"async\" src=\"https:\/\/edicao2022.angrajazz.com\/wp-content\/themes\/imix\/thumb.php?src=https:\/\/angrajazz.com\/wp-content\/uploads\/2022\/06\/Pedro-Moreira-para-home-e-programa.jpg&amp;a=c&amp;w=460&amp;h=460&amp;q=80\" alt=\"https:\/\/angrajazz.com\/wp-content\/uploads\/2022\/06\/Pedro-Moreira-para-home-e-programa.jpg\" title=\"PEDRO MOREIRA SAX ENSEMBLE\" class=\"\" ><span class=\"icon plus\"><\/span><\/a><footer><h3><a href=\"https:\/\/edicao2022.angrajazz.com\/en\/artist\/pedro-moreira-sax-ensemble\/\">PEDRO MOREIRA SAX ENSEMBLE<\/a><\/h3><p>&nbsp;<\/p><div class=\"cat\">Jazz<\/div><\/footer><\/article><article class=\"col-1-3 clearfix\"><a href=\"https:\/\/edicao2022.angrajazz.com\/en\/artist\/samara-joy\/\" class=\"aligncenter thumb-icon\"  ><img decoding=\"async\" src=\"https:\/\/edicao2022.angrajazz.com\/wp-content\/themes\/imix\/thumb.php?src=https:\/\/angrajazz.com\/wp-content\/uploads\/2022\/06\/04.-SAMARA-JOY-2.jpg&amp;a=c&amp;w=460&amp;h=460&amp;q=80\" alt=\"https:\/\/angrajazz.com\/wp-content\/uploads\/2022\/06\/04.-SAMARA-JOY-2.jpg\" title=\"SAMARA JOY\" class=\"\" ><span class=\"icon plus\"><\/span><\/a><footer><h3><a href=\"https:\/\/edicao2022.angrajazz.com\/en\/artist\/samara-joy\/\">SAMARA JOY<\/a><\/h3><p><\/p><div class=\"cat\">Jazz<\/div><\/footer><\/article><article class=\"col-1-3 clearfix\"><a href=\"https:\/\/edicao2022.angrajazz.com\/en\/artist\/belmondo-quintet\/\" class=\"aligncenter thumb-icon\"  ><img decoding=\"async\" src=\"https:\/\/edicao2022.angrajazz.com\/wp-content\/themes\/imix\/thumb.php?src=https:\/\/angrajazz.com\/wp-content\/uploads\/2022\/06\/05.-BELMONDO-QUINTET-1.jpg&amp;a=c&amp;w=460&amp;h=460&amp;q=80\" alt=\"https:\/\/angrajazz.com\/wp-content\/uploads\/2022\/06\/05.-BELMONDO-QUINTET-1.jpg\" title=\"BELMONDO QUINTET\" class=\"\" ><span class=\"icon plus\"><\/span><\/a><footer><h3><a href=\"https:\/\/edicao2022.angrajazz.com\/en\/artist\/belmondo-quintet\/\">BELMONDO QUINTET<\/a><\/h3><p>&nbsp;<\/p><div class=\"cat\">Jazz<\/div><\/footer><\/article><article class=\"col-1-3 clearfix\"><a href=\"https:\/\/edicao2022.angrajazz.com\/en\/artist\/guillermo-y-los-guachos\/\" class=\"aligncenter thumb-icon\"  ><img decoding=\"async\" src=\"https:\/\/edicao2022.angrajazz.com\/wp-content\/themes\/imix\/thumb.php?src=https:\/\/angrajazz.com\/wp-content\/uploads\/2022\/06\/Guillermo-Klein-y-Los-Guachos-para-home-e-programa-1.jpg&amp;a=c&amp;w=460&amp;h=460&amp;q=80\" alt=\"https:\/\/angrajazz.com\/wp-content\/uploads\/2022\/06\/Guillermo-Klein-y-Los-Guachos-para-home-e-programa-1.jpg\" title=\"GUILLERMO KLEIN y LOS GUACHOS\" class=\"\" ><span class=\"icon plus\"><\/span><\/a><footer><h3><a href=\"https:\/\/edicao2022.angrajazz.com\/en\/artist\/guillermo-y-los-guachos\/\">GUILLERMO KLEIN y LOS GUACHOS<\/a><\/h3><p><\/p><div class=\"cat\">Jazz<\/div><\/footer><\/article><\/div>[\/vc_column_text][\/vc_column][\/vc_row]\n<\/div>","protected":false},"excerpt":{"rendered":"<p>[vc_row full_width=&#8221;stretch_row&#8221; css=&#8221;.vc_custom_1655982549564{margin-top: 0px !important;margin-bottom: 30px !important;padding-top: 20px !important;padding-bottom: 20px !important;background-color: #ffffff !important;}&#8221; el_class=&#8221;patrocinadores-homepage&#8221;][vc_column css=&#8221;.vc_custom_1655741562771{margin-top: 0px !important;margin-bottom: 0px !important;}&#8221;][\/vc_column][\/vc_row][vc_row full_width=&#8221;stretch_row&#8221; disable_element=&#8221;yes&#8221; css=&#8221;.vc_custom_1655744228798{margin-top: 0px !important;margin-bottom: 30px !important;padding-top: 20px !important;padding-bottom: 20px !important;}&#8221; el_class=&#8221;patrocinadores-homepage&#8221;][vc_column css=&#8221;.vc_custom_1500553841972{margin-top: 0px !important;margin-bottom: 0px !important;}&#8221;][vc_column_text] &#8230;[\/vc_column_text][\/vc_column][\/vc_row][vc_row full_width=&#8221;stretch_row&#8221; css=&#8221;.vc_custom_1655982612210{padding-top: 10px !important;}&#8221;][vc_column width=&#8221;2\/3&#8243;][vc_column_text] &lt;color:#E8510B&gt;Bilheteria C\u00e2mara Municipal &#8211; Atendimento ao P\u00fablico Hor\u00e1rio: Dias \u00fateis das 8h30 \u00e0s [&hellip;]<\/p>\n","protected":false},"author":1,"featured_media":0,"parent":0,"menu_order":0,"comment_status":"closed","ping_status":"closed","template":"","meta":{"footnotes":"","_links_to":"","_links_to_target":""},"class_list":["post-1721","page","type-page","status-publish","hentry"],"translation":{"provider":"WPGlobus","version":"3.0.0","language":"en","enabled_languages":["pt","en"],"languages":{"pt":{"title":true,"content":true,"excerpt":false},"en":{"title":true,"content":false,"excerpt":false}}},"_links":{"self":[{"href":"https:\/\/edicao2022.angrajazz.com\/en\/wp-json\/wp\/v2\/pages\/1721","targetHints":{"allow":["GET"]}}],"collection":[{"href":"https:\/\/edicao2022.angrajazz.com\/en\/wp-json\/wp\/v2\/pages"}],"about":[{"href":"https:\/\/edicao2022.angrajazz.com\/en\/wp-json\/wp\/v2\/types\/page"}],"author":[{"embeddable":true,"href":"https:\/\/edicao2022.angrajazz.com\/en\/wp-json\/wp\/v2\/users\/1"}],"replies":[{"embeddable":true,"href":"https:\/\/edicao2022.angrajazz.com\/en\/wp-json\/wp\/v2\/comments?post=1721"}],"version-history":[{"count":129,"href":"https:\/\/edicao2022.angrajazz.com\/en\/wp-json\/wp\/v2\/pages\/1721\/revisions"}],"predecessor-version":[{"id":3439,"href":"https:\/\/edicao2022.angrajazz.com\/en\/wp-json\/wp\/v2\/pages\/1721\/revisions\/3439"}],"wp:attachment":[{"href":"https:\/\/edicao2022.angrajazz.com\/en\/wp-json\/wp\/v2\/media?parent=1721"}],"curies":[{"name":"wp","href":"https:\/\/api.w.org\/{rel}","templated":true}]}}